{"id":1848,"date":"2021-01-29T15:49:26","date_gmt":"2021-01-29T15:49:26","guid":{"rendered":"https:\/\/kinex.estruturaconsult.com.br\/?page_id=1848"},"modified":"2021-01-29T16:08:40","modified_gmt":"2021-01-29T16:08:40","slug":"politica-de-privacidade","status":"publish","type":"page","link":"https:\/\/kinexfisioterapia.com.br\/site-novo\/politica-de-privacidade\/","title":{"rendered":"Pol\u00edtica de privacidade"},"content":{"rendered":"<p>A sua privacidade \u00e9 importante para n\u00f3s. \u00c9 pol\u00edtica do Kinex Fisioterapia respeitar a sua privacidade em rela\u00e7\u00e3o a qualquer informa\u00e7\u00e3o sua que possamos coletar no site <a href=\"https:\/\/kinex.estruturaconsult.com.br\/\">Kinex Fisioterapia<\/a>, e outros sites que possu\u00edmos e operamos.<\/p>\n<p>Solicitamos informa\u00e7\u00f5es pessoais apenas quando realmente precisamos delas para lhe fornecer um servi\u00e7o. Fazemo-lo por meios justos e legais, com o seu conhecimento e consentimento. Tamb\u00e9m informamos por que estamos coletando e como ser\u00e1 usado.<\/p>\n<p>Apenas retemos as informa\u00e7\u00f5es coletadas pelo tempo necess\u00e1rio para fornecer o servi\u00e7o solicitado. Quando armazenamos dados, protegemos dentro de meios comercialmente aceit\u00e1veis \u200b\u200bpara evitar perdas e roubos, bem como acesso, divulga\u00e7\u00e3o, c\u00f3pia, uso ou modifica\u00e7\u00e3o n\u00e3o autorizados.<\/p>\n<p>N\u00e3o compartilhamos informa\u00e7\u00f5es de identifica\u00e7\u00e3o pessoal publicamente ou com terceiros, exceto quando exigido por lei.<\/p>\n<p>O nosso site pode ter links para sites externos que n\u00e3o s\u00e3o operados por n\u00f3s. Esteja ciente de que n\u00e3o temos controle sobre o conte\u00fado e pr\u00e1ticas desses sites e n\u00e3o podemos aceitar responsabilidade por suas respectivas <a href=\"https:\/\/politicaprivacidade.com\/\" target=\"_BLANK\" rel=\"noopener\">pol\u00edticas de privacidade<\/a>.<\/p>\n<p>Voc\u00ea \u00e9 livre para recusar a nossa solicita\u00e7\u00e3o de informa\u00e7\u00f5es pessoais, entendendo que talvez n\u00e3o possamos fornecer alguns dos servi\u00e7os desejados.<\/p>\n<p>O uso continuado de nosso site ser\u00e1 considerado como aceita\u00e7\u00e3o de nossas pr\u00e1ticas em torno de privacidade e informa\u00e7\u00f5es pessoais. Se voc\u00ea tiver alguma d\u00favida sobre como lidamos com dados do usu\u00e1rio e informa\u00e7\u00f5es pessoais, entre em contacto connosco.<\/p>\n<h2>Quais dados pessoais coletamos e porque<\/h2>\n<p>Quando os visitantes deixam coment\u00e1rios no site, coletamos os dados mostrados no formul\u00e1rio de coment\u00e1rios, al\u00e9m do endere\u00e7o de IP e de dados do navegador do visitante, para auxiliar na detec\u00e7\u00e3o de spam.<\/p>\n<p>Uma sequ\u00eancia anonimizada de caracteres criada a partir do seu e-mail (tamb\u00e9m chamada de hash) poder\u00e1 ser enviada para o Gravatar para verificar se voc\u00ea usa o servi\u00e7o. A pol\u00edtica de privacidade do Gravatar est\u00e1 dispon\u00edvel aqui: https:\/\/automattic.com\/privacy\/. Depois da aprova\u00e7\u00e3o do seu coment\u00e1rio, a foto do seu perfil fica vis\u00edvel publicamente junto de seu coment\u00e1rio.<\/p>\n<h3>M\u00eddia<\/h3>\n<p>Se voc\u00ea envia imagens para o site, evite enviar as que contenham dados de localiza\u00e7\u00e3o incorporados (EXIF GPS). Visitantes podem baixar estas imagens do site e extrair delas seus dados de localiza\u00e7\u00e3o.<\/p>\n<h3>Cookies<\/h3>\n<p>Ao deixar um coment\u00e1rio no site, voc\u00ea poder\u00e1 optar por salvar seu nome, e-mail e site nos cookies. Isso visa seu conforto, assim voc\u00ea n\u00e3o precisar\u00e1 preencher seus dados novamente quando fizer outro coment\u00e1rio. Estes cookies duram um ano.<\/p>\n<p>Se voc\u00ea tem uma conta e acessa este site, um cookie tempor\u00e1rio ser\u00e1 criado para determinar se seu navegador aceita cookies. Ele n\u00e3o cont\u00e9m nenhum dado pessoal e ser\u00e1 descartado quando voc\u00ea fechar seu navegador.<\/p>\n<p>Quando voc\u00ea acessa sua conta no site, tamb\u00e9m criamos v\u00e1rios cookies para salvar os dados da sua conta e suas escolhas de exibi\u00e7\u00e3o de tela. Cookies de login s\u00e3o mantidos por dois dias e cookies de op\u00e7\u00f5es de tela por um ano. Se voc\u00ea selecionar &#8220;Lembrar-me&#8221;, seu acesso ser\u00e1 mantido por duas semanas. Se voc\u00ea se desconectar da sua conta, os cookies de login ser\u00e3o removidos.<\/p>\n<p>Se voc\u00ea editar ou publicar um artigo, um cookie adicional ser\u00e1 salvo no seu navegador. Este cookie n\u00e3o inclui nenhum dado pessoal e simplesmente indica o ID do post referente ao artigo que voc\u00ea acabou de editar. Ele expira depois de 1 dia.<\/p>\n<h3>M\u00eddia incorporada de outros sites<\/h3>\n<p>Artigos neste site podem incluir conte\u00fado incorporado como, por exemplo, v\u00eddeos, imagens, artigos, etc. Conte\u00fados incorporados de outros sites se comportam exatamente da mesma forma como se o visitante estivesse visitando o outro site.<\/p>\n<p>Estes sites podem coletar dados sobre voc\u00ea, usar cookies, incorporar rastreamento adicional de terceiros e monitorar sua intera\u00e7\u00e3o com este conte\u00fado incorporado, incluindo sua intera\u00e7\u00e3o com o conte\u00fado incorporado se voc\u00ea tem uma conta e est\u00e1 conectado com o site.<\/p>\n<h2>Com quem partilhamos seus dados<\/h2>\n<p>N\u00e3o compartilha quaisquer dados pessoais.<\/p>\n<h2>Por quanto tempo mantemos os seus dados<\/h2>\n<p>Se voc\u00ea deixar um coment\u00e1rio, o coment\u00e1rio e os seus metadados s\u00e3o conservados indefinidamente. Fazemos isso para que seja poss\u00edvel reconhecer e aprovar automaticamente qualquer coment\u00e1rio posterior ao inv\u00e9s de ret\u00ea-lo para modera\u00e7\u00e3o.<\/p>\n<p>Para usu\u00e1rios que se registram no nosso site (se houver), tamb\u00e9m guardamos as informa\u00e7\u00f5es pessoais que fornecem no seu perfil de usu\u00e1rio. Todos os usu\u00e1rios podem ver, editar ou excluir suas informa\u00e7\u00f5es pessoais a qualquer momento (s\u00f3 n\u00e3o \u00e9 poss\u00edvel alterar o seu username). Os administradores de sites tamb\u00e9m podem ver e editar estas informa\u00e7\u00f5es.<\/p>\n<h2>Quais os seus direitos sobre seus dados<\/h2>\n<p>Se voc\u00ea tiver uma conta neste site ou se tiver deixado coment\u00e1rios, pode solicitar um arquivo exportado dos dados pessoais que mantemos sobre voc\u00ea, inclusive quaisquer dados que nos tenha fornecido. Tamb\u00e9m pode solicitar que removamos qualquer dado pessoal que mantemos sobre voc\u00ea. Isto n\u00e3o inclui nenhuns dados que somos obrigados a manter para prop\u00f3sitos administrativos, legais ou de seguran\u00e7a.<\/p>\n<h2>Para onde enviamos seus dados<\/h2>\n<p>Coment\u00e1rios de visitantes podem ser marcados por um servi\u00e7o autom\u00e1tico de detec\u00e7\u00e3o de spam.<\/p>\n<h2>Origem: Really Simple SSL<\/h2>\n<p>Really Simple SSL e seus complementos n\u00e3o processam qualquer informa\u00e7\u00e3o pessoal, portanto, o GDPR n\u00e3o se aplica a estes plugins ou uso desses plugins em seu site. Voc\u00ea pode encontrar nossa pol\u00edtica de privacidade <a href=\"https:\/\/really-simple-ssl.com\/privacy-statement\/\" target=\"_blank\" rel=\"noopener\">aqui<\/a>.<\/p>\n<h2>Origem: Akismet<\/h2>\n<p>N\u00f3s coletamos informa\u00e7\u00f5es sobre visitantes que fazem coment\u00e1rios em sites que utilizam os servi\u00e7os anti-spam do Akismet. Essas informa\u00e7\u00f5es variam de acordo com a configura\u00e7\u00e3o dada ao Akismet naquele site, mas tipicamente inclui o endere\u00e7o IP de quem comenta, nome de usu\u00e1rio, qual postagem e o URL do site (juntamente com outras informa\u00e7\u00f5es fornecidas por quem comenta, como seu nome, nome de usu\u00e1rio, endere\u00e7o de e-mail e o coment\u00e1rio em si).<\/p>\n<h2>Origem: Loco Translate<\/h2>\n<p>This plugin doesn&#8217;t collect any data from public website visitors.<br \/>\nAdministrators and auditors may wish to review Loco&#8217;s <a href=\"https:\/\/localise.biz\/wordpress\/plugin\/privacy\">plugin privacy notice<\/a>.<\/p>\n","protected":false},"excerpt":{"rendered":"<p>A sua privacidade \u00e9 importante para n\u00f3s. \u00c9 pol\u00edtica do Kinex Fisioterapia respeitar a sua privacidade&#8230;<\/p>\n","protected":false},"author":2,"featured_media":0,"parent":0,"menu_order":0,"comment_status":"closed","ping_status":"closed","template":"","meta":{"_acf_changed":false,"_monsterinsights_skip_tracking":false,"_monsterinsights_sitenote_active":false,"_monsterinsights_sitenote_note":"","_monsterinsights_sitenote_category":0,"footnotes":""},"class_list":["post-1848","page","type-page","status-publish","hentry"],"acf":[],"yoast_head":"<!-- This site is optimized with the Yoast SEO plugin v27.2 - https:\/\/yoast.com\/product\/yoast-seo-wordpress\/ -->\n<title>Pol\u00edtica de privacidade - Kinex Fisioterapia<\/title>\n<meta name=\"robots\" content=\"index, follow, max-snippet:-1, max-image-preview:large, max-video-preview:-1\" \/>\n<link rel=\"canonical\" href=\"https:\/\/kinexfisioterapia.com.br\/site-novo\/politica-de-privacidade\/\" \/>\n<meta property=\"og:locale\" content=\"pt_BR\" \/>\n<meta property=\"og:type\" content=\"article\" \/>\n<meta property=\"og:title\" content=\"Pol\u00edtica de privacidade - Kinex Fisioterapia\" \/>\n<meta property=\"og:description\" content=\"A sua privacidade \u00e9 importante para n\u00f3s. \u00c9 pol\u00edtica do Kinex Fisioterapia respeitar a sua privacidade...\" \/>\n<meta property=\"og:url\" content=\"https:\/\/kinexfisioterapia.com.br\/site-novo\/politica-de-privacidade\/\" \/>\n<meta property=\"og:site_name\" content=\"Kinex Fisioterapia\" \/>\n<meta property=\"article:modified_time\" content=\"2021-01-29T16:08:40+00:00\" \/>\n<meta name=\"twitter:card\" content=\"summary_large_image\" \/>\n<meta name=\"twitter:label1\" content=\"Est. tempo de leitura\" \/>\n\t<meta name=\"twitter:data1\" content=\"5 minutos\" \/>\n<script type=\"application\/ld+json\" class=\"yoast-schema-graph\">{\"@context\":\"https:\/\/schema.org\",\"@graph\":[{\"@type\":\"WebPage\",\"@id\":\"https:\/\/kinexfisioterapia.com.br\/site-novo\/politica-de-privacidade\/\",\"url\":\"https:\/\/kinexfisioterapia.com.br\/site-novo\/politica-de-privacidade\/\",\"name\":\"Pol\u00edtica de privacidade - Kinex Fisioterapia\",\"isPartOf\":{\"@id\":\"https:\/\/kinexfisioterapia.com.br\/site-novo\/#website\"},\"datePublished\":\"2021-01-29T15:49:26+00:00\",\"dateModified\":\"2021-01-29T16:08:40+00:00\",\"inLanguage\":\"pt-BR\",\"potentialAction\":[{\"@type\":\"ReadAction\",\"target\":[\"https:\/\/kinexfisioterapia.com.br\/site-novo\/politica-de-privacidade\/\"]}]},{\"@type\":\"WebSite\",\"@id\":\"https:\/\/kinexfisioterapia.com.br\/site-novo\/#website\",\"url\":\"https:\/\/kinexfisioterapia.com.br\/site-novo\/\",\"name\":\"Kinex Fisioterapia\",\"description\":\"Sa\u00fade e cuidado perto de voc\u00ea\",\"potentialAction\":[{\"@type\":\"SearchAction\",\"target\":{\"@type\":\"EntryPoint\",\"urlTemplate\":\"https:\/\/kinexfisioterapia.com.br\/site-novo\/?s={search_term_string}\"},\"query-input\":{\"@type\":\"PropertyValueSpecification\",\"valueRequired\":true,\"valueName\":\"search_term_string\"}}],\"inLanguage\":\"pt-BR\"}]}<\/script>\n<!-- \/ Yoast SEO plugin. -->","yoast_head_json":{"title":"Pol\u00edtica de privacidade - Kinex Fisioterapia","robots":{"index":"index","follow":"follow","max-snippet":"max-snippet:-1","max-image-preview":"max-image-preview:large","max-video-preview":"max-video-preview:-1"},"canonical":"https:\/\/kinexfisioterapia.com.br\/site-novo\/politica-de-privacidade\/","og_locale":"pt_BR","og_type":"article","og_title":"Pol\u00edtica de privacidade - Kinex Fisioterapia","og_description":"A sua privacidade \u00e9 importante para n\u00f3s. \u00c9 pol\u00edtica do Kinex Fisioterapia respeitar a sua privacidade...","og_url":"https:\/\/kinexfisioterapia.com.br\/site-novo\/politica-de-privacidade\/","og_site_name":"Kinex Fisioterapia","article_modified_time":"2021-01-29T16:08:40+00:00","twitter_card":"summary_large_image","twitter_misc":{"Est. tempo de leitura":"5 minutos"},"schema":{"@context":"https:\/\/schema.org","@graph":[{"@type":"WebPage","@id":"https:\/\/kinexfisioterapia.com.br\/site-novo\/politica-de-privacidade\/","url":"https:\/\/kinexfisioterapia.com.br\/site-novo\/politica-de-privacidade\/","name":"Pol\u00edtica de privacidade - Kinex Fisioterapia","isPartOf":{"@id":"https:\/\/kinexfisioterapia.com.br\/site-novo\/#website"},"datePublished":"2021-01-29T15:49:26+00:00","dateModified":"2021-01-29T16:08:40+00:00","inLanguage":"pt-BR","potentialAction":[{"@type":"ReadAction","target":["https:\/\/kinexfisioterapia.com.br\/site-novo\/politica-de-privacidade\/"]}]},{"@type":"WebSite","@id":"https:\/\/kinexfisioterapia.com.br\/site-novo\/#website","url":"https:\/\/kinexfisioterapia.com.br\/site-novo\/","name":"Kinex Fisioterapia","description":"Sa\u00fade e cuidado perto de voc\u00ea","potentialAction":[{"@type":"SearchAction","target":{"@type":"EntryPoint","urlTemplate":"https:\/\/kinexfisioterapia.com.br\/site-novo\/?s={search_term_string}"},"query-input":{"@type":"PropertyValueSpecification","valueRequired":true,"valueName":"search_term_string"}}],"inLanguage":"pt-BR"}]}},"_links":{"self":[{"href":"https:\/\/kinexfisioterapia.com.br\/site-novo\/wp-json\/wp\/v2\/pages\/1848","targetHints":{"allow":["GET"]}}],"collection":[{"href":"https:\/\/kinexfisioterapia.com.br\/site-novo\/wp-json\/wp\/v2\/pages"}],"about":[{"href":"https:\/\/kinexfisioterapia.com.br\/site-novo\/wp-json\/wp\/v2\/types\/page"}],"author":[{"embeddable":true,"href":"https:\/\/kinexfisioterapia.com.br\/site-novo\/wp-json\/wp\/v2\/users\/2"}],"replies":[{"embeddable":true,"href":"https:\/\/kinexfisioterapia.com.br\/site-novo\/wp-json\/wp\/v2\/comments?post=1848"}],"version-history":[{"count":2,"href":"https:\/\/kinexfisioterapia.com.br\/site-novo\/wp-json\/wp\/v2\/pages\/1848\/revisions"}],"predecessor-version":[{"id":1853,"href":"https:\/\/kinexfisioterapia.com.br\/site-novo\/wp-json\/wp\/v2\/pages\/1848\/revisions\/1853"}],"wp:attachment":[{"href":"https:\/\/kinexfisioterapia.com.br\/site-novo\/wp-json\/wp\/v2\/media?parent=1848"}],"curies":[{"name":"wp","href":"https:\/\/api.w.org\/{rel}","templated":true}]}}