{"id":21,"date":"2016-04-27T16:33:39","date_gmt":"2016-04-27T16:33:39","guid":{"rendered":"http:\/\/kinex.estruturaconsult.com.br\/?page_id=21"},"modified":"2023-08-03T20:48:13","modified_gmt":"2023-08-03T20:48:13","slug":"especialidades","status":"publish","type":"page","link":"https:\/\/kinexfisioterapia.com.br\/site-novo\/especialidades\/","title":{"rendered":"Especialidades"},"content":{"rendered":"<div class=\"wpb-content-wrapper\"><p>[vc_row][vc_column]<section class=\"projects\">\n\t\t\t\t\t\t\t<div class=\"container grid-4col\"><div class=\"row masonry-loader\">\n    <div class=\"col-sm-12 text-center\">\n        <div class=\"spinner\"><\/div>\n    <\/div>\n<\/div><div id=\"project-69f34bceecddd\" class=\"row masonry masonry-show project-content project-masonry\">\n\t\t\t    \t\t\t\t<div class=\"grid-sizer col-sm-3\"><\/div><div class=\"col-md-3 col-sm-6 masonry-item project project-padding \" >\n    <div class=\"boxed-intro overflow-hidden bg-white zoom-hover hover-small-dark\">\n        <div class=\"intro-image overflow-hidden relative\">\n            <a class=\"\" href=\"https:\/\/kinexfisioterapia.com.br\/site-novo\/blog\/especialidades\/atendimento-em-eventos\/\"><img fetchpriority=\"high\" decoding=\"async\" width=\"450\" height=\"450\" src=\"https:\/\/kinexfisioterapia.com.br\/site-novo\/wp-content\/uploads\/2021\/01\/palmilha-icon.png\" class=\"background-image wp-post-image\" alt=\"\" srcset=\"https:\/\/kinexfisioterapia.com.br\/site-novo\/wp-content\/uploads\/2021\/01\/palmilha-icon.png 512w, https:\/\/kinexfisioterapia.com.br\/site-novo\/wp-content\/uploads\/2021\/01\/palmilha-icon-300x300.png 300w, https:\/\/kinexfisioterapia.com.br\/site-novo\/wp-content\/uploads\/2021\/01\/palmilha-icon-100x100.png 100w, https:\/\/kinexfisioterapia.com.br\/site-novo\/wp-content\/uploads\/2021\/01\/palmilha-icon-150x150.png 150w, https:\/\/kinexfisioterapia.com.br\/site-novo\/wp-content\/uploads\/2021\/01\/palmilha-icon-187x187.png 187w\" sizes=\"(max-width: 450px) 100vw, 450px\" \/><\/a>        <\/div>\n        <div class=\"intro-content intro-content-small\">\n            <a class=\"\" href=\"https:\/\/kinexfisioterapia.com.br\/site-novo\/blog\/especialidades\/atendimento-em-eventos\/\"><h4 class=\"xs-text mb0\">Atendimento em eventos<\/h4><h6 class=\"sms-text subtitle thin mb0\"><\/h6><\/a>        <\/div>\n    <\/div>\n<\/div><div class=\"col-md-3 col-sm-6 masonry-item project project-padding \" >\n    <div class=\"boxed-intro overflow-hidden bg-white zoom-hover hover-small-dark\">\n        <div class=\"intro-image overflow-hidden relative\">\n            <a class=\"\" href=\"https:\/\/kinexfisioterapia.com.br\/site-novo\/blog\/especialidades\/recovery\/\"><img decoding=\"async\" width=\"450\" height=\"450\" src=\"https:\/\/kinexfisioterapia.com.br\/site-novo\/wp-content\/uploads\/2021\/01\/recovery-icon.png\" class=\"background-image wp-post-image\" alt=\"\" srcset=\"https:\/\/kinexfisioterapia.com.br\/site-novo\/wp-content\/uploads\/2021\/01\/recovery-icon.png 512w, https:\/\/kinexfisioterapia.com.br\/site-novo\/wp-content\/uploads\/2021\/01\/recovery-icon-300x300.png 300w, https:\/\/kinexfisioterapia.com.br\/site-novo\/wp-content\/uploads\/2021\/01\/recovery-icon-100x100.png 100w, https:\/\/kinexfisioterapia.com.br\/site-novo\/wp-content\/uploads\/2021\/01\/recovery-icon-150x150.png 150w, https:\/\/kinexfisioterapia.com.br\/site-novo\/wp-content\/uploads\/2021\/01\/recovery-icon-187x187.png 187w\" sizes=\"(max-width: 450px) 100vw, 450px\" \/><\/a>        <\/div>\n        <div class=\"intro-content intro-content-small\">\n            <a class=\"\" href=\"https:\/\/kinexfisioterapia.com.br\/site-novo\/blog\/especialidades\/recovery\/\"><h4 class=\"xs-text mb0\">Recovery<\/h4><h6 class=\"sms-text subtitle thin mb0\"><\/h6><\/a>        <\/div>\n    <\/div>\n<\/div><div class=\"col-md-3 col-sm-6 masonry-item project project-padding \" >\n    <div class=\"boxed-intro overflow-hidden bg-white zoom-hover hover-small-dark\">\n        <div class=\"intro-image overflow-hidden relative\">\n            <a class=\"\" href=\"https:\/\/kinexfisioterapia.com.br\/site-novo\/blog\/especialidades\/acupuntura\/\"><img decoding=\"async\" width=\"450\" height=\"450\" src=\"https:\/\/kinexfisioterapia.com.br\/site-novo\/wp-content\/uploads\/2021\/01\/acupuntura-icon.png\" class=\"background-image wp-post-image\" alt=\"\" srcset=\"https:\/\/kinexfisioterapia.com.br\/site-novo\/wp-content\/uploads\/2021\/01\/acupuntura-icon.png 512w, https:\/\/kinexfisioterapia.com.br\/site-novo\/wp-content\/uploads\/2021\/01\/acupuntura-icon-300x300.png 300w, https:\/\/kinexfisioterapia.com.br\/site-novo\/wp-content\/uploads\/2021\/01\/acupuntura-icon-100x100.png 100w, https:\/\/kinexfisioterapia.com.br\/site-novo\/wp-content\/uploads\/2021\/01\/acupuntura-icon-150x150.png 150w, https:\/\/kinexfisioterapia.com.br\/site-novo\/wp-content\/uploads\/2021\/01\/acupuntura-icon-187x187.png 187w\" sizes=\"(max-width: 450px) 100vw, 450px\" \/><\/a>        <\/div>\n        <div class=\"intro-content intro-content-small\">\n            <a class=\"\" href=\"https:\/\/kinexfisioterapia.com.br\/site-novo\/blog\/especialidades\/acupuntura\/\"><h4 class=\"xs-text mb0\">Acupuntura<\/h4><h6 class=\"sms-text subtitle thin mb0\"><\/h6><\/a>        <\/div>\n    <\/div>\n<\/div><div class=\"col-md-3 col-sm-6 masonry-item project project-padding \" >\n    <div class=\"boxed-intro overflow-hidden bg-white zoom-hover hover-small-dark\">\n        <div class=\"intro-image overflow-hidden relative\">\n            <a class=\"\" href=\"https:\/\/kinexfisioterapia.com.br\/site-novo\/blog\/especialidades\/quiropraxia\/\"><img loading=\"lazy\" decoding=\"async\" width=\"450\" height=\"450\" src=\"https:\/\/kinexfisioterapia.com.br\/site-novo\/wp-content\/uploads\/2021\/01\/osteopatia-icon.png\" class=\"background-image wp-post-image\" alt=\"\" srcset=\"https:\/\/kinexfisioterapia.com.br\/site-novo\/wp-content\/uploads\/2021\/01\/osteopatia-icon.png 512w, https:\/\/kinexfisioterapia.com.br\/site-novo\/wp-content\/uploads\/2021\/01\/osteopatia-icon-300x300.png 300w, https:\/\/kinexfisioterapia.com.br\/site-novo\/wp-content\/uploads\/2021\/01\/osteopatia-icon-100x100.png 100w, https:\/\/kinexfisioterapia.com.br\/site-novo\/wp-content\/uploads\/2021\/01\/osteopatia-icon-150x150.png 150w, https:\/\/kinexfisioterapia.com.br\/site-novo\/wp-content\/uploads\/2021\/01\/osteopatia-icon-187x187.png 187w\" sizes=\"(max-width: 450px) 100vw, 450px\" \/><\/a>        <\/div>\n        <div class=\"intro-content intro-content-small\">\n            <a class=\"\" href=\"https:\/\/kinexfisioterapia.com.br\/site-novo\/blog\/especialidades\/quiropraxia\/\"><h4 class=\"xs-text mb0\">Quiropraxia<\/h4><h6 class=\"sms-text subtitle thin mb0\"><\/h6><\/a>        <\/div>\n    <\/div>\n<\/div><div class=\"col-md-3 col-sm-6 masonry-item project project-padding \" >\n    <div class=\"boxed-intro overflow-hidden bg-white zoom-hover hover-small-dark\">\n        <div class=\"intro-image overflow-hidden relative\">\n            <a class=\"\" href=\"https:\/\/kinexfisioterapia.com.br\/site-novo\/blog\/especialidades\/pre-e-pos-operatorio\/\"><img loading=\"lazy\" decoding=\"async\" width=\"450\" height=\"450\" src=\"https:\/\/kinexfisioterapia.com.br\/site-novo\/wp-content\/uploads\/2021\/01\/pos-pre-operatorio-icon.png\" class=\"background-image wp-post-image\" alt=\"\" srcset=\"https:\/\/kinexfisioterapia.com.br\/site-novo\/wp-content\/uploads\/2021\/01\/pos-pre-operatorio-icon.png 512w, https:\/\/kinexfisioterapia.com.br\/site-novo\/wp-content\/uploads\/2021\/01\/pos-pre-operatorio-icon-300x300.png 300w, https:\/\/kinexfisioterapia.com.br\/site-novo\/wp-content\/uploads\/2021\/01\/pos-pre-operatorio-icon-100x100.png 100w, https:\/\/kinexfisioterapia.com.br\/site-novo\/wp-content\/uploads\/2021\/01\/pos-pre-operatorio-icon-150x150.png 150w, https:\/\/kinexfisioterapia.com.br\/site-novo\/wp-content\/uploads\/2021\/01\/pos-pre-operatorio-icon-187x187.png 187w\" sizes=\"(max-width: 450px) 100vw, 450px\" \/><\/a>        <\/div>\n        <div class=\"intro-content intro-content-small\">\n            <a class=\"\" href=\"https:\/\/kinexfisioterapia.com.br\/site-novo\/blog\/especialidades\/pre-e-pos-operatorio\/\"><h4 class=\"xs-text mb0\">Pr\u00e9 e P\u00f3s-operat\u00f3rio<\/h4><h6 class=\"sms-text subtitle thin mb0\"><\/h6><\/a>        <\/div>\n    <\/div>\n<\/div><div class=\"col-md-3 col-sm-6 masonry-item project project-padding \" >\n    <div class=\"boxed-intro overflow-hidden bg-white zoom-hover hover-small-dark\">\n        <div class=\"intro-image overflow-hidden relative\">\n            <a class=\"\" href=\"https:\/\/kinexfisioterapia.com.br\/site-novo\/blog\/especialidades\/fisioterapia-esportiva\/\"><img loading=\"lazy\" decoding=\"async\" width=\"450\" height=\"450\" src=\"https:\/\/kinexfisioterapia.com.br\/site-novo\/wp-content\/uploads\/2021\/01\/icon-fisioterapia-esportiva.png\" class=\"background-image wp-post-image\" alt=\"\" srcset=\"https:\/\/kinexfisioterapia.com.br\/site-novo\/wp-content\/uploads\/2021\/01\/icon-fisioterapia-esportiva.png 512w, https:\/\/kinexfisioterapia.com.br\/site-novo\/wp-content\/uploads\/2021\/01\/icon-fisioterapia-esportiva-300x300.png 300w, https:\/\/kinexfisioterapia.com.br\/site-novo\/wp-content\/uploads\/2021\/01\/icon-fisioterapia-esportiva-100x100.png 100w, https:\/\/kinexfisioterapia.com.br\/site-novo\/wp-content\/uploads\/2021\/01\/icon-fisioterapia-esportiva-150x150.png 150w, https:\/\/kinexfisioterapia.com.br\/site-novo\/wp-content\/uploads\/2021\/01\/icon-fisioterapia-esportiva-187x187.png 187w\" sizes=\"(max-width: 450px) 100vw, 450px\" \/><\/a>        <\/div>\n        <div class=\"intro-content intro-content-small\">\n            <a class=\"\" href=\"https:\/\/kinexfisioterapia.com.br\/site-novo\/blog\/especialidades\/fisioterapia-esportiva\/\"><h4 class=\"xs-text mb0\">Fisioterapia Esportiva<\/h4><h6 class=\"sms-text subtitle thin mb0\"><\/h6><\/a>        <\/div>\n    <\/div>\n<\/div><div class=\"col-md-3 col-sm-6 masonry-item project project-padding \" >\n    <div class=\"boxed-intro overflow-hidden bg-white zoom-hover hover-small-dark\">\n        <div class=\"intro-image overflow-hidden relative\">\n            <a class=\"\" href=\"https:\/\/kinexfisioterapia.com.br\/site-novo\/blog\/especialidades\/disfuncao-do-movimento\/\"><img loading=\"lazy\" decoding=\"async\" width=\"450\" height=\"450\" src=\"https:\/\/kinexfisioterapia.com.br\/site-novo\/wp-content\/uploads\/2021\/01\/disfuncao-movimento-icon.png\" class=\"background-image wp-post-image\" alt=\"\" srcset=\"https:\/\/kinexfisioterapia.com.br\/site-novo\/wp-content\/uploads\/2021\/01\/disfuncao-movimento-icon.png 512w, https:\/\/kinexfisioterapia.com.br\/site-novo\/wp-content\/uploads\/2021\/01\/disfuncao-movimento-icon-300x300.png 300w, https:\/\/kinexfisioterapia.com.br\/site-novo\/wp-content\/uploads\/2021\/01\/disfuncao-movimento-icon-100x100.png 100w, https:\/\/kinexfisioterapia.com.br\/site-novo\/wp-content\/uploads\/2021\/01\/disfuncao-movimento-icon-150x150.png 150w, https:\/\/kinexfisioterapia.com.br\/site-novo\/wp-content\/uploads\/2021\/01\/disfuncao-movimento-icon-187x187.png 187w\" sizes=\"(max-width: 450px) 100vw, 450px\" \/><\/a>        <\/div>\n        <div class=\"intro-content intro-content-small\">\n            <a class=\"\" href=\"https:\/\/kinexfisioterapia.com.br\/site-novo\/blog\/especialidades\/disfuncao-do-movimento\/\"><h4 class=\"xs-text mb0\">Disfun\u00e7\u00e3o do Movimento<\/h4><h6 class=\"sms-text subtitle thin mb0\"><\/h6><\/a>        <\/div>\n    <\/div>\n<\/div><div class=\"col-md-3 col-sm-6 masonry-item project project-padding \" >\n    <div class=\"boxed-intro overflow-hidden bg-white zoom-hover hover-small-dark\">\n        <div class=\"intro-image overflow-hidden relative\">\n            <a class=\"\" href=\"https:\/\/kinexfisioterapia.com.br\/site-novo\/blog\/especialidades\/dores-agudas\/\"><img loading=\"lazy\" decoding=\"async\" width=\"450\" height=\"450\" src=\"https:\/\/kinexfisioterapia.com.br\/site-novo\/wp-content\/uploads\/2021\/01\/dores-agudas-icon.png\" class=\"background-image wp-post-image\" alt=\"\" srcset=\"https:\/\/kinexfisioterapia.com.br\/site-novo\/wp-content\/uploads\/2021\/01\/dores-agudas-icon.png 512w, https:\/\/kinexfisioterapia.com.br\/site-novo\/wp-content\/uploads\/2021\/01\/dores-agudas-icon-300x300.png 300w, https:\/\/kinexfisioterapia.com.br\/site-novo\/wp-content\/uploads\/2021\/01\/dores-agudas-icon-100x100.png 100w, https:\/\/kinexfisioterapia.com.br\/site-novo\/wp-content\/uploads\/2021\/01\/dores-agudas-icon-150x150.png 150w, https:\/\/kinexfisioterapia.com.br\/site-novo\/wp-content\/uploads\/2021\/01\/dores-agudas-icon-187x187.png 187w\" sizes=\"(max-width: 450px) 100vw, 450px\" \/><\/a>        <\/div>\n        <div class=\"intro-content intro-content-small\">\n            <a class=\"\" href=\"https:\/\/kinexfisioterapia.com.br\/site-novo\/blog\/especialidades\/dores-agudas\/\"><h4 class=\"xs-text mb0\">Dores agudas e cr\u00f4nicas<\/h4><h6 class=\"sms-text subtitle thin mb0\"><\/h6><\/a>        <\/div>\n    <\/div>\n<\/div><div class=\"col-md-3 col-sm-6 masonry-item project project-padding \" >\n    <div class=\"boxed-intro overflow-hidden bg-white zoom-hover hover-small-dark\">\n        <div class=\"intro-image overflow-hidden relative\">\n            <a class=\"\" href=\"https:\/\/kinexfisioterapia.com.br\/site-novo\/blog\/especialidades\/osteopatia\/\"><img loading=\"lazy\" decoding=\"async\" width=\"450\" height=\"450\" src=\"https:\/\/kinexfisioterapia.com.br\/site-novo\/wp-content\/uploads\/2021\/01\/osteopatia-icon1.png\" class=\"background-image wp-post-image\" alt=\"\" srcset=\"https:\/\/kinexfisioterapia.com.br\/site-novo\/wp-content\/uploads\/2021\/01\/osteopatia-icon1.png 512w, https:\/\/kinexfisioterapia.com.br\/site-novo\/wp-content\/uploads\/2021\/01\/osteopatia-icon1-300x300.png 300w, https:\/\/kinexfisioterapia.com.br\/site-novo\/wp-content\/uploads\/2021\/01\/osteopatia-icon1-100x100.png 100w, https:\/\/kinexfisioterapia.com.br\/site-novo\/wp-content\/uploads\/2021\/01\/osteopatia-icon1-150x150.png 150w, https:\/\/kinexfisioterapia.com.br\/site-novo\/wp-content\/uploads\/2021\/01\/osteopatia-icon1-187x187.png 187w\" sizes=\"(max-width: 450px) 100vw, 450px\" \/><\/a>        <\/div>\n        <div class=\"intro-content intro-content-small\">\n            <a class=\"\" href=\"https:\/\/kinexfisioterapia.com.br\/site-novo\/blog\/especialidades\/osteopatia\/\"><h4 class=\"xs-text mb0\">Osteopatia<\/h4><h6 class=\"sms-text subtitle thin mb0\"><\/h6><\/a>        <\/div>\n    <\/div>\n<\/div><\/div><\/div><\/section>[\/vc_column][\/vc_row]<\/p>\n<\/div>","protected":false},"excerpt":{"rendered":"<p>[vc_row][vc_column][\/vc_column][\/vc_row]<\/p>\n","protected":false},"author":2,"featured_media":0,"parent":0,"menu_order":0,"comment_status":"closed","ping_status":"closed","template":"","meta":{"_acf_changed":false,"_monsterinsights_skip_tracking":false,"_monsterinsights_sitenote_active":false,"_monsterinsights_sitenote_note":"","_monsterinsights_sitenote_category":0,"footnotes":""},"class_list":["post-21","page","type-page","status-publish","hentry"],"acf":[],"yoast_head":"<!-- This site is optimized with the Yoast SEO plugin v27.2 - https:\/\/yoast.com\/product\/yoast-seo-wordpress\/ -->\n<title>Especialidades - Kinex Fisioterapia<\/title>\n<meta name=\"robots\" content=\"index, follow, max-snippet:-1, max-image-preview:large, max-video-preview:-1\" \/>\n<link rel=\"canonical\" href=\"https:\/\/kinexfisioterapia.com.br\/site-novo\/especialidades\/\" \/>\n<meta property=\"og:locale\" content=\"pt_BR\" \/>\n<meta property=\"og:type\" content=\"article\" \/>\n<meta property=\"og:title\" content=\"Especialidades - Kinex Fisioterapia\" \/>\n<meta property=\"og:description\" content=\"[vc_row][vc_column][\/vc_column][\/vc_row]\" \/>\n<meta property=\"og:url\" content=\"https:\/\/kinexfisioterapia.com.br\/site-novo\/especialidades\/\" \/>\n<meta property=\"og:site_name\" content=\"Kinex Fisioterapia\" \/>\n<meta property=\"article:modified_time\" content=\"2023-08-03T20:48:13+00:00\" \/>\n<meta name=\"twitter:card\" content=\"summary_large_image\" \/>\n<meta name=\"twitter:label1\" content=\"Est. tempo de leitura\" \/>\n\t<meta name=\"twitter:data1\" content=\"1 minuto\" \/>\n<script type=\"application\/ld+json\" class=\"yoast-schema-graph\">{\"@context\":\"https:\/\/schema.org\",\"@graph\":[{\"@type\":\"WebPage\",\"@id\":\"https:\/\/kinexfisioterapia.com.br\/site-novo\/especialidades\/\",\"url\":\"https:\/\/kinexfisioterapia.com.br\/site-novo\/especialidades\/\",\"name\":\"Especialidades - Kinex Fisioterapia\",\"isPartOf\":{\"@id\":\"https:\/\/kinexfisioterapia.com.br\/site-novo\/#website\"},\"datePublished\":\"2016-04-27T16:33:39+00:00\",\"dateModified\":\"2023-08-03T20:48:13+00:00\",\"inLanguage\":\"pt-BR\",\"potentialAction\":[{\"@type\":\"ReadAction\",\"target\":[\"https:\/\/kinexfisioterapia.com.br\/site-novo\/especialidades\/\"]}]},{\"@type\":\"WebSite\",\"@id\":\"https:\/\/kinexfisioterapia.com.br\/site-novo\/#website\",\"url\":\"https:\/\/kinexfisioterapia.com.br\/site-novo\/\",\"name\":\"Kinex Fisioterapia\",\"description\":\"Sa\u00fade e cuidado perto de voc\u00ea\",\"potentialAction\":[{\"@type\":\"SearchAction\",\"target\":{\"@type\":\"EntryPoint\",\"urlTemplate\":\"https:\/\/kinexfisioterapia.com.br\/site-novo\/?s={search_term_string}\"},\"query-input\":{\"@type\":\"PropertyValueSpecification\",\"valueRequired\":true,\"valueName\":\"search_term_string\"}}],\"inLanguage\":\"pt-BR\"}]}<\/script>\n<!-- \/ Yoast SEO plugin. -->","yoast_head_json":{"title":"Especialidades - Kinex Fisioterapia","robots":{"index":"index","follow":"follow","max-snippet":"max-snippet:-1","max-image-preview":"max-image-preview:large","max-video-preview":"max-video-preview:-1"},"canonical":"https:\/\/kinexfisioterapia.com.br\/site-novo\/especialidades\/","og_locale":"pt_BR","og_type":"article","og_title":"Especialidades - Kinex Fisioterapia","og_description":"[vc_row][vc_column][\/vc_column][\/vc_row]","og_url":"https:\/\/kinexfisioterapia.com.br\/site-novo\/especialidades\/","og_site_name":"Kinex Fisioterapia","article_modified_time":"2023-08-03T20:48:13+00:00","twitter_card":"summary_large_image","twitter_misc":{"Est. tempo de leitura":"1 minuto"},"schema":{"@context":"https:\/\/schema.org","@graph":[{"@type":"WebPage","@id":"https:\/\/kinexfisioterapia.com.br\/site-novo\/especialidades\/","url":"https:\/\/kinexfisioterapia.com.br\/site-novo\/especialidades\/","name":"Especialidades - Kinex Fisioterapia","isPartOf":{"@id":"https:\/\/kinexfisioterapia.com.br\/site-novo\/#website"},"datePublished":"2016-04-27T16:33:39+00:00","dateModified":"2023-08-03T20:48:13+00:00","inLanguage":"pt-BR","potentialAction":[{"@type":"ReadAction","target":["https:\/\/kinexfisioterapia.com.br\/site-novo\/especialidades\/"]}]},{"@type":"WebSite","@id":"https:\/\/kinexfisioterapia.com.br\/site-novo\/#website","url":"https:\/\/kinexfisioterapia.com.br\/site-novo\/","name":"Kinex Fisioterapia","description":"Sa\u00fade e cuidado perto de voc\u00ea","potentialAction":[{"@type":"SearchAction","target":{"@type":"EntryPoint","urlTemplate":"https:\/\/kinexfisioterapia.com.br\/site-novo\/?s={search_term_string}"},"query-input":{"@type":"PropertyValueSpecification","valueRequired":true,"valueName":"search_term_string"}}],"inLanguage":"pt-BR"}]}},"_links":{"self":[{"href":"https:\/\/kinexfisioterapia.com.br\/site-novo\/wp-json\/wp\/v2\/pages\/21","targetHints":{"allow":["GET"]}}],"collection":[{"href":"https:\/\/kinexfisioterapia.com.br\/site-novo\/wp-json\/wp\/v2\/pages"}],"about":[{"href":"https:\/\/kinexfisioterapia.com.br\/site-novo\/wp-json\/wp\/v2\/types\/page"}],"author":[{"embeddable":true,"href":"https:\/\/kinexfisioterapia.com.br\/site-novo\/wp-json\/wp\/v2\/users\/2"}],"replies":[{"embeddable":true,"href":"https:\/\/kinexfisioterapia.com.br\/site-novo\/wp-json\/wp\/v2\/comments?post=21"}],"version-history":[{"count":7,"href":"https:\/\/kinexfisioterapia.com.br\/site-novo\/wp-json\/wp\/v2\/pages\/21\/revisions"}],"predecessor-version":[{"id":6913,"href":"https:\/\/kinexfisioterapia.com.br\/site-novo\/wp-json\/wp\/v2\/pages\/21\/revisions\/6913"}],"wp:attachment":[{"href":"https:\/\/kinexfisioterapia.com.br\/site-novo\/wp-json\/wp\/v2\/media?parent=21"}],"curies":[{"name":"wp","href":"https:\/\/api.w.org\/{rel}","templated":true}]}}