{"id":512,"date":"2016-05-04T19:23:39","date_gmt":"2016-05-04T19:23:39","guid":{"rendered":"http:\/\/kinex.estruturaconsult.com.br\/?page_id=512"},"modified":"2023-06-20T14:04:27","modified_gmt":"2023-06-20T14:04:27","slug":"sobre-a-kinex","status":"publish","type":"page","link":"https:\/\/kinexfisioterapia.com.br\/site-novo\/sobre-a-kinex\/","title":{"rendered":"Quem Somos"},"content":{"rendered":"<div class=\"wpb-content-wrapper\"><p>[vc_row][vc_column][vc_column_text]<\/p>\n<h3>Cl\u00ednica especialista em fisioterapia do esporte<\/h3>\n<p>Fundada pelos fisioterapeutas Guilherme Marques e Raul Traete, a KINEX FISIOTERAPIA, oferece atendimento especializado e qualificado no tratamento de les\u00f5es ortop\u00e9dicas e esportivas. Nossos pacientes s\u00e3o atendidos de forma diferenciada, com tratamento e acompanhamento individualizado, com apenas um cliente por hor\u00e1rio.<\/p>\n<h3><\/h3>\n<h3>Origem do nome<\/h3>\n<p>Kinex Fisioterapia<br \/>\nKinex deriva da palavra grega Kinesis, cujo significado \u00e9 movimento. A Kinesiologia, ou cinesiologia, significa estudo do movimento e \u00e9 uma das bases da fisioterapia. Manter-se em movimento \u00e9 um dos desafios do mundo moderno.<\/p>\n<p><em>O movimento \u00e9 a base de nosso trabalho.<\/em>[\/vc_column_text][\/vc_column][\/vc_row][vc_row tlg_background_style=&#8221;bg-secondary&#8221;][vc_column width=&#8221;1\/2&#8243;][vc_single_image image=&#8221;1298&#8243; img_size=&#8221;full&#8221; style=&#8221;vc_box_shadow_3d&#8221;][\/vc_column][vc_column width=&#8221;1\/2&#8243;][vc_column_text]Com espa\u00e7os novos e modernos, a equipe Kinex Fisioterapia oferece diversos servi\u00e7os para atender com qualidade, e de forma diferenciada e individualizada, as necessidades dos pacientes. Assim, \u00e9 poss\u00edvel, encontrar a verdadeira causa dos desequil\u00edbrios, que causam desconforto, dor e piora na qualidade de vida, para tratar ou prevenir e devolver a condi\u00e7\u00e3o funcional ideal para melhor desempenho e execu\u00e7\u00e3o de esportes ou atividades f\u00edsicas.<\/p>\n<h2><strong>Miss\u00e3o<\/strong><\/h2>\n<p>Atender com qualidade, de forma diferenciada e individualizada \u00e0s necessidades dos pacientes, atrav\u00e9s da excel\u00eancia em reabilita\u00e7\u00e3o, retorno \u00e0 atividade f\u00edsica e preven\u00e7\u00e3o.[\/vc_column_text][vc_column_text]<\/p>\n<h2>Vis\u00e3o<\/h2>\n<p>Ser conhecida como refer\u00eancia no atendimento de fisioterapia esportiva, sempre \u00e0 frente das expectativas.[\/vc_column_text][\/vc_column][\/vc_row][vc_row tlg_padding=&#8221;pb0&#8243; css=&#8221;.vc_custom_1473155090396{padding-top: 5% !important;}&#8221;][vc_column width=&#8221;1\/4&#8243;][\/vc_column][vc_column width=&#8221;1\/2&#8243;]<div class=\"headings-title \"><div class=\"mb0 mb16 mb-xs-40 text-center\"><h5  class=\"widgettitle mb10\">Especialidades<\/h5><\/div><\/div>[\/vc_column][vc_column width=&#8221;1\/4&#8243;][\/vc_column][\/vc_row][vc_row full_width=&#8221;stretch_row_content&#8221; css=&#8221;.vc_custom_1473155096577{padding-bottom: 5% !important;}&#8221;][vc_column width=&#8221;1\/3&#8243;]<div id=\"iconbox-69f3593a6761c\" class=\"   \" style=\"\"><div class=\"icon-link\"><div class=\"boxed-icon boxed boxed-intro relative mb0 text-center  mt50 \">\n\t\t\t\t\t\t\t\t<i style=\"color:#ffffff!important;background-color:#01266a;border-color:#01266a;\" class=\"ti-user circle-icon circle-icon-bg top50  inline-block mb32 l-text fade-color icon-lg\"><\/i>\n\t\t\t\t\t\t\t<h5  class=\"widgettitle mb8 mt50\">Reabilita\u00e7\u00e3o<\/h5>\n\t\t\t\t\t\t\t<div  class=\"widgetsubtitle mb16\"><\/div>\n\t\t\t\t\t\t\t<div  class=\"icon-content\"><\/p>\n<p>Utilizamos t\u00e9cnicas para tratamentos espec\u00edficos de recupera\u00e7\u00e3o, necess\u00e1rios em fun\u00e7\u00e3o de alguma les\u00e3o ou de alguma situa\u00e7\u00e3o de pr\u00e9 e p\u00f3s-operat\u00f3rio.<\/p>\n<p>\n<\/div>\n\t\t\t\t\t\t<\/div><\/div><\/div>[\/vc_column][vc_column width=&#8221;1\/3&#8243;]<div id=\"iconbox-69f3593a6764a\" class=\"   \" style=\"\"><div class=\"icon-link\"><div class=\"boxed-icon boxed boxed-intro relative mb0 text-center  mt50 \">\n\t\t\t\t\t\t\t\t<i style=\"color:#ffffff!important;background-color:#289dd2;border-color:#289dd2;\" class=\"ti-cup square-icon square-icon-bg top50  inline-block mb32 l-text fade-color icon-lg\"><\/i>\n\t\t\t\t\t\t\t<h5  class=\"widgettitle mb8 mt50\">Retorno ao Esporte<\/h5>\n\t\t\t\t\t\t\t<div  class=\"widgetsubtitle mb16\"><\/div>\n\t\t\t\t\t\t\t<div  class=\"icon-content\"><\/p>\n<p>Para o retorno do paciente a uma atividade f\u00edsica ou de um atleta ao esporte, trabalhamos grupos musculares e articula\u00e7\u00f5es para evitar as sobrecargas do esfor\u00e7o repetitivo.<\/p>\n<p>\n<\/div>\n\t\t\t\t\t\t<\/div><\/div><\/div>[\/vc_column][vc_column width=&#8221;1\/3&#8243;]<div id=\"iconbox-69f3593a6765d\" class=\"   \" style=\"\"><div class=\"icon-link\"><div class=\"boxed-icon boxed boxed-intro relative mb0 text-center  mt50 \">\n\t\t\t\t\t\t\t\t<i style=\"color:#ffffff!important;background-color:#5ded35;border-color:#5ded35;\" class=\"ti-thumb-up circle-icon circle-icon-bg top50  inline-block mb32 l-text fade-color icon-lg\"><\/i>\n\t\t\t\t\t\t\t<h5  class=\"widgettitle mb8 mt50\">Preven\u00e7\u00e3o<\/h5>\n\t\t\t\t\t\t\t<div  class=\"widgetsubtitle mb16\"><\/div>\n\t\t\t\t\t\t\t<div  class=\"icon-content\"><\/p>\n<p>Utilizamos a pr\u00e1tica da atividade f\u00edsica para realizar avalia\u00e7\u00e3o funcional que visa o equil\u00edbrio das cadeias musculares para um movimento mais harmonioso e livre de dores.<\/p>\n<p>\n<\/div>\n\t\t\t\t\t\t<\/div><\/div><\/div>[\/vc_column][\/vc_row]<\/p>\n<\/div>","protected":false},"excerpt":{"rendered":"<p>[vc_row][vc_column][vc_column_text] Cl\u00ednica especialista em fisioterapia do esporte Fundada pelos fisioterapeutas Guilherme Marques e Raul Traete, a&#8230;<\/p>\n","protected":false},"author":2,"featured_media":0,"parent":0,"menu_order":0,"comment_status":"closed","ping_status":"closed","template":"","meta":{"_acf_changed":false,"_monsterinsights_skip_tracking":false,"_monsterinsights_sitenote_active":false,"_monsterinsights_sitenote_note":"","_monsterinsights_sitenote_category":0,"footnotes":""},"class_list":["post-512","page","type-page","status-publish","hentry"],"acf":[],"yoast_head":"<!-- This site is optimized with the Yoast SEO plugin v27.2 - https:\/\/yoast.com\/product\/yoast-seo-wordpress\/ -->\n<title>Conhe\u00e7a a Cl\u00ednica Kinex Fisioterapia especializada em esporte<\/title>\n<meta name=\"description\" content=\"Kinex Fisioterapia \u00e9 uma cl\u00ednica especializada em fisioterapia do esporte para n\u00e3o praticantes, atletas amadores e profissionais. Bio Ritmo e Aquasport\" \/>\n<meta name=\"robots\" content=\"index, follow, max-snippet:-1, max-image-preview:large, max-video-preview:-1\" \/>\n<link rel=\"canonical\" href=\"https:\/\/kinexfisioterapia.com.br\/site-novo\/sobre-a-kinex\/\" \/>\n<meta property=\"og:locale\" content=\"pt_BR\" \/>\n<meta property=\"og:type\" content=\"article\" \/>\n<meta property=\"og:title\" content=\"Conhe\u00e7a a Cl\u00ednica Kinex Fisioterapia especializada em esporte\" \/>\n<meta property=\"og:description\" content=\"Kinex Fisioterapia \u00e9 uma cl\u00ednica especializada em fisioterapia do esporte para n\u00e3o praticantes, atletas amadores e profissionais. Bio Ritmo e Aquasport\" \/>\n<meta property=\"og:url\" content=\"https:\/\/kinexfisioterapia.com.br\/site-novo\/sobre-a-kinex\/\" \/>\n<meta property=\"og:site_name\" content=\"Kinex Fisioterapia\" \/>\n<meta property=\"article:modified_time\" content=\"2023-06-20T14:04:27+00:00\" \/>\n<meta name=\"twitter:card\" content=\"summary_large_image\" \/>\n<meta name=\"twitter:label1\" content=\"Est. tempo de leitura\" \/>\n\t<meta name=\"twitter:data1\" content=\"2 minutos\" \/>\n<script type=\"application\/ld+json\" class=\"yoast-schema-graph\">{\"@context\":\"https:\/\/schema.org\",\"@graph\":[{\"@type\":\"WebPage\",\"@id\":\"https:\/\/kinexfisioterapia.com.br\/site-novo\/sobre-a-kinex\/\",\"url\":\"https:\/\/kinexfisioterapia.com.br\/site-novo\/sobre-a-kinex\/\",\"name\":\"Conhe\u00e7a a Cl\u00ednica Kinex Fisioterapia especializada em esporte\",\"isPartOf\":{\"@id\":\"https:\/\/kinexfisioterapia.com.br\/site-novo\/#website\"},\"datePublished\":\"2016-05-04T19:23:39+00:00\",\"dateModified\":\"2023-06-20T14:04:27+00:00\",\"description\":\"Kinex Fisioterapia \u00e9 uma cl\u00ednica especializada em fisioterapia do esporte para n\u00e3o praticantes, atletas amadores e profissionais. Bio Ritmo e Aquasport\",\"inLanguage\":\"pt-BR\",\"potentialAction\":[{\"@type\":\"ReadAction\",\"target\":[\"https:\/\/kinexfisioterapia.com.br\/site-novo\/sobre-a-kinex\/\"]}]},{\"@type\":\"WebSite\",\"@id\":\"https:\/\/kinexfisioterapia.com.br\/site-novo\/#website\",\"url\":\"https:\/\/kinexfisioterapia.com.br\/site-novo\/\",\"name\":\"Kinex Fisioterapia\",\"description\":\"Sa\u00fade e cuidado perto de voc\u00ea\",\"potentialAction\":[{\"@type\":\"SearchAction\",\"target\":{\"@type\":\"EntryPoint\",\"urlTemplate\":\"https:\/\/kinexfisioterapia.com.br\/site-novo\/?s={search_term_string}\"},\"query-input\":{\"@type\":\"PropertyValueSpecification\",\"valueRequired\":true,\"valueName\":\"search_term_string\"}}],\"inLanguage\":\"pt-BR\"}]}<\/script>\n<!-- \/ Yoast SEO plugin. -->","yoast_head_json":{"title":"Conhe\u00e7a a Cl\u00ednica Kinex Fisioterapia especializada em esporte","description":"Kinex Fisioterapia \u00e9 uma cl\u00ednica especializada em fisioterapia do esporte para n\u00e3o praticantes, atletas amadores e profissionais. Bio Ritmo e Aquasport","robots":{"index":"index","follow":"follow","max-snippet":"max-snippet:-1","max-image-preview":"max-image-preview:large","max-video-preview":"max-video-preview:-1"},"canonical":"https:\/\/kinexfisioterapia.com.br\/site-novo\/sobre-a-kinex\/","og_locale":"pt_BR","og_type":"article","og_title":"Conhe\u00e7a a Cl\u00ednica Kinex Fisioterapia especializada em esporte","og_description":"Kinex Fisioterapia \u00e9 uma cl\u00ednica especializada em fisioterapia do esporte para n\u00e3o praticantes, atletas amadores e profissionais. Bio Ritmo e Aquasport","og_url":"https:\/\/kinexfisioterapia.com.br\/site-novo\/sobre-a-kinex\/","og_site_name":"Kinex Fisioterapia","article_modified_time":"2023-06-20T14:04:27+00:00","twitter_card":"summary_large_image","twitter_misc":{"Est. tempo de leitura":"2 minutos"},"schema":{"@context":"https:\/\/schema.org","@graph":[{"@type":"WebPage","@id":"https:\/\/kinexfisioterapia.com.br\/site-novo\/sobre-a-kinex\/","url":"https:\/\/kinexfisioterapia.com.br\/site-novo\/sobre-a-kinex\/","name":"Conhe\u00e7a a Cl\u00ednica Kinex Fisioterapia especializada em esporte","isPartOf":{"@id":"https:\/\/kinexfisioterapia.com.br\/site-novo\/#website"},"datePublished":"2016-05-04T19:23:39+00:00","dateModified":"2023-06-20T14:04:27+00:00","description":"Kinex Fisioterapia \u00e9 uma cl\u00ednica especializada em fisioterapia do esporte para n\u00e3o praticantes, atletas amadores e profissionais. Bio Ritmo e Aquasport","inLanguage":"pt-BR","potentialAction":[{"@type":"ReadAction","target":["https:\/\/kinexfisioterapia.com.br\/site-novo\/sobre-a-kinex\/"]}]},{"@type":"WebSite","@id":"https:\/\/kinexfisioterapia.com.br\/site-novo\/#website","url":"https:\/\/kinexfisioterapia.com.br\/site-novo\/","name":"Kinex Fisioterapia","description":"Sa\u00fade e cuidado perto de voc\u00ea","potentialAction":[{"@type":"SearchAction","target":{"@type":"EntryPoint","urlTemplate":"https:\/\/kinexfisioterapia.com.br\/site-novo\/?s={search_term_string}"},"query-input":{"@type":"PropertyValueSpecification","valueRequired":true,"valueName":"search_term_string"}}],"inLanguage":"pt-BR"}]}},"_links":{"self":[{"href":"https:\/\/kinexfisioterapia.com.br\/site-novo\/wp-json\/wp\/v2\/pages\/512","targetHints":{"allow":["GET"]}}],"collection":[{"href":"https:\/\/kinexfisioterapia.com.br\/site-novo\/wp-json\/wp\/v2\/pages"}],"about":[{"href":"https:\/\/kinexfisioterapia.com.br\/site-novo\/wp-json\/wp\/v2\/types\/page"}],"author":[{"embeddable":true,"href":"https:\/\/kinexfisioterapia.com.br\/site-novo\/wp-json\/wp\/v2\/users\/2"}],"replies":[{"embeddable":true,"href":"https:\/\/kinexfisioterapia.com.br\/site-novo\/wp-json\/wp\/v2\/comments?post=512"}],"version-history":[{"count":28,"href":"https:\/\/kinexfisioterapia.com.br\/site-novo\/wp-json\/wp\/v2\/pages\/512\/revisions"}],"predecessor-version":[{"id":6610,"href":"https:\/\/kinexfisioterapia.com.br\/site-novo\/wp-json\/wp\/v2\/pages\/512\/revisions\/6610"}],"wp:attachment":[{"href":"https:\/\/kinexfisioterapia.com.br\/site-novo\/wp-json\/wp\/v2\/media?parent=512"}],"curies":[{"name":"wp","href":"https:\/\/api.w.org\/{rel}","templated":true}]}}